{"id":981,"date":"2021-01-13T17:27:13","date_gmt":"2021-01-13T16:27:13","guid":{"rendered":"https:\/\/rapidoperformance.com\/?post_type=product&#038;p=981"},"modified":"2021-01-13T17:27:13","modified_gmt":"2021-01-13T16:27:13","slug":"optimum-car-wax","status":"publish","type":"product","link":"https:\/\/rapidoperformance.com\/en\/product\/optimum-car-wax\/","title":{"rendered":"Optimum Car Wax"},"content":{"rendered":"<p id=\"tw-target-text\" class=\"tw-data-text tw-text-large XcVN5d tw-ta\" dir=\"ltr\" data-placeholder=\"Translation\"><span lang=\"de\">Optimum Car Wax ist das einzige Autowachs-Spray, das die Haltbarkeit eines Pastenwachses und einen lang anhaltenden UV-Schutz bietet. Eine Kombination aus hochwertigem Carnaubawachs, Dichtungspolymeren und UV-Inhibitoren bildet eine Schutzschicht auf der lackierten Oberfl\u00e4che, um die Farbe bis zu 5 Monate vor Sonnensch\u00e4den und Umwelteinfl\u00fcssen zu sch\u00fctzen.<\/span><\/p>\n","protected":false},"excerpt":{"rendered":"<p>Optimum Car Wax ist das einzige Autowachs-Spray, das die Haltbarkeit eines Pastenwachses und einen lang anhaltenden UV-Schutz bietet. Eine Kombination aus hochwertigem Carnaubawachs, Dichtungspolymeren und UV-Inhibitoren bildet eine Schutzschicht auf der lackierten Oberfl\u00e4che, um die Farbe bis zu 5 Monate vor Sonnensch\u00e4den und Umwelteinfl\u00fcssen zu sch\u00fctzen.<\/p>\n","protected":false},"featured_media":965,"comment_status":"open","ping_status":"closed","template":"","meta":[],"product_brand":[],"product_cat":[50,51],"product_tag":[],"class_list":{"0":"post-981","1":"product","2":"type-product","3":"status-publish","4":"has-post-thumbnail","6":"product_cat-all-products","7":"product_cat-autopflege-en","8":"product_shipping_class-2-3-business-days","10":"first","11":"instock","12":"taxable","13":"shipping-taxable","14":"purchasable","15":"product-type-variable"},"yoast_head":"<!-- This site is optimized with the Yoast SEO plugin v27.2 - https:\/\/yoast.com\/product\/yoast-seo-wordpress\/ -->\n<title>Optimum Car Wax - Rapido Performance GmbH<\/title>\n<meta name=\"robots\" content=\"index, follow, max-snippet:-1, max-image-preview:large, max-video-preview:-1\" \/>\n<link rel=\"canonical\" href=\"https:\/\/rapidoperformance.com\/en\/product\/optimum-car-wax\/\" \/>\n<meta property=\"og:locale\" content=\"en_US\" \/>\n<meta property=\"og:type\" content=\"article\" \/>\n<meta property=\"og:title\" content=\"Optimum Car Wax - Rapido Performance GmbH\" \/>\n<meta property=\"og:description\" content=\"Optimum Car Wax ist das einzige Autowachs-Spray, das die Haltbarkeit eines Pastenwachses und einen lang anhaltenden UV-Schutz bietet. Eine Kombination aus hochwertigem Carnaubawachs, Dichtungspolymeren und UV-Inhibitoren bildet eine Schutzschicht auf der lackierten Oberfl\u00e4che, um die Farbe bis zu 5 Monate vor Sonnensch\u00e4den und Umwelteinfl\u00fcssen zu sch\u00fctzen.\" \/>\n<meta property=\"og:url\" content=\"https:\/\/rapidoperformance.com\/en\/product\/optimum-car-wax\/\" \/>\n<meta property=\"og:site_name\" content=\"Rapido Performance GmbH\" \/>\n<meta property=\"article:publisher\" content=\"https:\/\/www.facebook.com\/RapidoPerformanceGmbH\" \/>\n<meta property=\"og:image\" content=\"https:\/\/rapidoperformance.com\/wp-content\/uploads\/2021\/01\/Optimum-Car-Wax.jpg\" \/>\n\t<meta property=\"og:image:width\" content=\"350\" \/>\n\t<meta property=\"og:image:height\" content=\"525\" \/>\n\t<meta property=\"og:image:type\" content=\"image\/jpeg\" \/>\n<meta name=\"twitter:card\" content=\"summary_large_image\" \/>\n<meta name=\"twitter:label1\" content=\"Est. reading time\" \/>\n\t<meta name=\"twitter:data1\" content=\"1 minute\" \/>\n<script type=\"application\/ld+json\" class=\"yoast-schema-graph\">{\"@context\":\"https:\/\/schema.org\",\"@graph\":[{\"@type\":\"WebPage\",\"@id\":\"https:\/\/rapidoperformance.com\/en\/product\/optimum-car-wax\/\",\"url\":\"https:\/\/rapidoperformance.com\/en\/product\/optimum-car-wax\/\",\"name\":\"Optimum Car Wax - Rapido Performance GmbH\",\"isPartOf\":{\"@id\":\"https:\/\/rapidoperformance.com\/#website\"},\"primaryImageOfPage\":{\"@id\":\"https:\/\/rapidoperformance.com\/en\/product\/optimum-car-wax\/#primaryimage\"},\"image\":{\"@id\":\"https:\/\/rapidoperformance.com\/en\/product\/optimum-car-wax\/#primaryimage\"},\"thumbnailUrl\":\"https:\/\/rapidoperformance.com\/wp-content\/uploads\/2021\/01\/Optimum-Car-Wax.jpg\",\"datePublished\":\"2021-01-13T16:27:13+00:00\",\"breadcrumb\":{\"@id\":\"https:\/\/rapidoperformance.com\/en\/product\/optimum-car-wax\/#breadcrumb\"},\"inLanguage\":\"en-US\",\"potentialAction\":[{\"@type\":\"ReadAction\",\"target\":[\"https:\/\/rapidoperformance.com\/en\/product\/optimum-car-wax\/\"]}]},{\"@type\":\"ImageObject\",\"inLanguage\":\"en-US\",\"@id\":\"https:\/\/rapidoperformance.com\/en\/product\/optimum-car-wax\/#primaryimage\",\"url\":\"https:\/\/rapidoperformance.com\/wp-content\/uploads\/2021\/01\/Optimum-Car-Wax.jpg\",\"contentUrl\":\"https:\/\/rapidoperformance.com\/wp-content\/uploads\/2021\/01\/Optimum-Car-Wax.jpg\",\"width\":350,\"height\":525},{\"@type\":\"BreadcrumbList\",\"@id\":\"https:\/\/rapidoperformance.com\/en\/product\/optimum-car-wax\/#breadcrumb\",\"itemListElement\":[{\"@type\":\"ListItem\",\"position\":1,\"name\":\"Startseite\",\"item\":\"https:\/\/rapidoperformance.com\/en\/\"},{\"@type\":\"ListItem\",\"position\":2,\"name\":\"Shop\",\"item\":\"https:\/\/rapidoperformance.com\/en\/shop\/\"},{\"@type\":\"ListItem\",\"position\":3,\"name\":\"Optimum Car Wax\"}]},{\"@type\":\"WebSite\",\"@id\":\"https:\/\/rapidoperformance.com\/#website\",\"url\":\"https:\/\/rapidoperformance.com\/\",\"name\":\"Rapido Performance GmbH\",\"description\":\"Grafenw\u00f6hr\",\"publisher\":{\"@id\":\"https:\/\/rapidoperformance.com\/#organization\"},\"potentialAction\":[{\"@type\":\"SearchAction\",\"target\":{\"@type\":\"EntryPoint\",\"urlTemplate\":\"https:\/\/rapidoperformance.com\/?s={search_term_string}\"},\"query-input\":{\"@type\":\"PropertyValueSpecification\",\"valueRequired\":true,\"valueName\":\"search_term_string\"}}],\"inLanguage\":\"en-US\"},{\"@type\":\"Organization\",\"@id\":\"https:\/\/rapidoperformance.com\/#organization\",\"name\":\"Rapido Performance GmbH\",\"url\":\"https:\/\/rapidoperformance.com\/\",\"logo\":{\"@type\":\"ImageObject\",\"inLanguage\":\"en-US\",\"@id\":\"https:\/\/rapidoperformance.com\/#\/schema\/logo\/image\/\",\"url\":\"https:\/\/rapidoperformance.com\/wp-content\/uploads\/2020\/11\/Logo-Rapido-Performance-R-300px-Kopie.png\",\"contentUrl\":\"https:\/\/rapidoperformance.com\/wp-content\/uploads\/2020\/11\/Logo-Rapido-Performance-R-300px-Kopie.png\",\"width\":300,\"height\":57,\"caption\":\"Rapido Performance GmbH\"},\"image\":{\"@id\":\"https:\/\/rapidoperformance.com\/#\/schema\/logo\/image\/\"},\"sameAs\":[\"https:\/\/www.facebook.com\/RapidoPerformanceGmbH\",\"https:\/\/www.instagram.com\/rapido.performance\/\"]}]}<\/script>\n<!-- \/ Yoast SEO plugin. -->","yoast_head_json":{"title":"Optimum Car Wax - Rapido Performance GmbH","robots":{"index":"index","follow":"follow","max-snippet":"max-snippet:-1","max-image-preview":"max-image-preview:large","max-video-preview":"max-video-preview:-1"},"canonical":"https:\/\/rapidoperformance.com\/en\/product\/optimum-car-wax\/","og_locale":"en_US","og_type":"article","og_title":"Optimum Car Wax - Rapido Performance GmbH","og_description":"Optimum Car Wax ist das einzige Autowachs-Spray, das die Haltbarkeit eines Pastenwachses und einen lang anhaltenden UV-Schutz bietet. Eine Kombination aus hochwertigem Carnaubawachs, Dichtungspolymeren und UV-Inhibitoren bildet eine Schutzschicht auf der lackierten Oberfl\u00e4che, um die Farbe bis zu 5 Monate vor Sonnensch\u00e4den und Umwelteinfl\u00fcssen zu sch\u00fctzen.","og_url":"https:\/\/rapidoperformance.com\/en\/product\/optimum-car-wax\/","og_site_name":"Rapido Performance GmbH","article_publisher":"https:\/\/www.facebook.com\/RapidoPerformanceGmbH","og_image":[{"width":350,"height":525,"url":"https:\/\/rapidoperformance.com\/wp-content\/uploads\/2021\/01\/Optimum-Car-Wax.jpg","type":"image\/jpeg"}],"twitter_card":"summary_large_image","twitter_misc":{"Est. reading time":"1 minute"},"schema":{"@context":"https:\/\/schema.org","@graph":[{"@type":"WebPage","@id":"https:\/\/rapidoperformance.com\/en\/product\/optimum-car-wax\/","url":"https:\/\/rapidoperformance.com\/en\/product\/optimum-car-wax\/","name":"Optimum Car Wax - Rapido Performance GmbH","isPartOf":{"@id":"https:\/\/rapidoperformance.com\/#website"},"primaryImageOfPage":{"@id":"https:\/\/rapidoperformance.com\/en\/product\/optimum-car-wax\/#primaryimage"},"image":{"@id":"https:\/\/rapidoperformance.com\/en\/product\/optimum-car-wax\/#primaryimage"},"thumbnailUrl":"https:\/\/rapidoperformance.com\/wp-content\/uploads\/2021\/01\/Optimum-Car-Wax.jpg","datePublished":"2021-01-13T16:27:13+00:00","breadcrumb":{"@id":"https:\/\/rapidoperformance.com\/en\/product\/optimum-car-wax\/#breadcrumb"},"inLanguage":"en-US","potentialAction":[{"@type":"ReadAction","target":["https:\/\/rapidoperformance.com\/en\/product\/optimum-car-wax\/"]}]},{"@type":"ImageObject","inLanguage":"en-US","@id":"https:\/\/rapidoperformance.com\/en\/product\/optimum-car-wax\/#primaryimage","url":"https:\/\/rapidoperformance.com\/wp-content\/uploads\/2021\/01\/Optimum-Car-Wax.jpg","contentUrl":"https:\/\/rapidoperformance.com\/wp-content\/uploads\/2021\/01\/Optimum-Car-Wax.jpg","width":350,"height":525},{"@type":"BreadcrumbList","@id":"https:\/\/rapidoperformance.com\/en\/product\/optimum-car-wax\/#breadcrumb","itemListElement":[{"@type":"ListItem","position":1,"name":"Startseite","item":"https:\/\/rapidoperformance.com\/en\/"},{"@type":"ListItem","position":2,"name":"Shop","item":"https:\/\/rapidoperformance.com\/en\/shop\/"},{"@type":"ListItem","position":3,"name":"Optimum Car Wax"}]},{"@type":"WebSite","@id":"https:\/\/rapidoperformance.com\/#website","url":"https:\/\/rapidoperformance.com\/","name":"Rapido Performance GmbH","description":"Grafenw\u00f6hr","publisher":{"@id":"https:\/\/rapidoperformance.com\/#organization"},"potentialAction":[{"@type":"SearchAction","target":{"@type":"EntryPoint","urlTemplate":"https:\/\/rapidoperformance.com\/?s={search_term_string}"},"query-input":{"@type":"PropertyValueSpecification","valueRequired":true,"valueName":"search_term_string"}}],"inLanguage":"en-US"},{"@type":"Organization","@id":"https:\/\/rapidoperformance.com\/#organization","name":"Rapido Performance GmbH","url":"https:\/\/rapidoperformance.com\/","logo":{"@type":"ImageObject","inLanguage":"en-US","@id":"https:\/\/rapidoperformance.com\/#\/schema\/logo\/image\/","url":"https:\/\/rapidoperformance.com\/wp-content\/uploads\/2020\/11\/Logo-Rapido-Performance-R-300px-Kopie.png","contentUrl":"https:\/\/rapidoperformance.com\/wp-content\/uploads\/2020\/11\/Logo-Rapido-Performance-R-300px-Kopie.png","width":300,"height":57,"caption":"Rapido Performance GmbH"},"image":{"@id":"https:\/\/rapidoperformance.com\/#\/schema\/logo\/image\/"},"sameAs":["https:\/\/www.facebook.com\/RapidoPerformanceGmbH","https:\/\/www.instagram.com\/rapido.performance\/"]}]}},"_links":{"self":[{"href":"https:\/\/rapidoperformance.com\/en\/wp-json\/wp\/v2\/product\/981","targetHints":{"allow":["GET"]}}],"collection":[{"href":"https:\/\/rapidoperformance.com\/en\/wp-json\/wp\/v2\/product"}],"about":[{"href":"https:\/\/rapidoperformance.com\/en\/wp-json\/wp\/v2\/types\/product"}],"replies":[{"embeddable":true,"href":"https:\/\/rapidoperformance.com\/en\/wp-json\/wp\/v2\/comments?post=981"}],"wp:featuredmedia":[{"embeddable":true,"href":"https:\/\/rapidoperformance.com\/en\/wp-json\/wp\/v2\/media\/965"}],"wp:attachment":[{"href":"https:\/\/rapidoperformance.com\/en\/wp-json\/wp\/v2\/media?parent=981"}],"wp:term":[{"taxonomy":"product_brand","embeddable":true,"href":"https:\/\/rapidoperformance.com\/en\/wp-json\/wp\/v2\/product_brand?post=981"},{"taxonomy":"product_cat","embeddable":true,"href":"https:\/\/rapidoperformance.com\/en\/wp-json\/wp\/v2\/product_cat?post=981"},{"taxonomy":"product_tag","embeddable":true,"href":"https:\/\/rapidoperformance.com\/en\/wp-json\/wp\/v2\/product_tag?post=981"}],"curies":[{"name":"wp","href":"https:\/\/api.w.org\/{rel}","templated":true}]}}