{"id":537,"date":"2020-11-17T16:35:50","date_gmt":"2020-11-17T15:35:50","guid":{"rendered":"http:\/\/rapidoperformance.com\/product\/big-boi-blowr-buddi-car-dryer\/"},"modified":"2020-11-17T16:35:50","modified_gmt":"2020-11-17T15:35:50","slug":"big-boi-blowr-buddi-car-dryer","status":"publish","type":"product","link":"https:\/\/rapidoperformance.com\/en\/product\/big-boi-blowr-buddi-car-dryer\/","title":{"rendered":"Big Boi BlowR Buddi Car Dryer"},"content":{"rendered":"<p>Der Big Boi Blow R Buddy Car ist ein ber\u00fchrungsloser Autotrockner f\u00fcr Autopfleger Enthusiasten.<\/p>\n<p>Der 1.2 PS starke Motor f\u00f6rdert einen Luftstrom mit 220 km\/h erw\u00e4rmter Luft zu Tage.<span class=\"Apple-converted-space\">\u00a0<\/span><\/p>\n<p>Den Einsatz f\u00fcr das sehr handliche und preiswerte Ger\u00e4t sehen wir besonders im Bereich der punktuellen Trocknung. Beispielsweise, um den Wabengrill vom Wasser zu befreien oder die Felgen bis zum Bremssattel trocken zu legen.<span class=\"Apple-converted-space\">\u00a0<\/span><\/p>\n<p>Technische Details und der Lieferumfang des Buddi in K\u00fcrze:<\/p>\n<ul>\n<li><i><\/i>Leistung laut Hersteller Angaben: 1.2 PS \/ ca. 220 km\/h Luftgeschwindigkeit \/ 1000W<\/li>\n<li><i><\/i>3 wechselbare Gummi D\u00fcsen mit verschiedenen Ausl\u00e4ssen<\/li>\n<li><i><\/i>1x Schaumfilter (wechselbar und waschbar) f\u00fcr die Luftansaugung als Ersatz bereits enthalten<\/li>\n<li><i><\/i>Gewicht: 1.7 kg<\/li>\n<li><i><\/i>Kabell\u00e4nge: 2,9 m<\/li>\n<\/ul>\n","protected":false},"excerpt":{"rendered":"<p>Der Big Boi Blow R Buddy Car ist ein ber\u00fchrungsloser Autotrockner f\u00fcr Autopfleger Enthusiasten. Der 1.2 PS starke Motor f\u00f6rdert einen Luftstrom mit 220 km\/h erw\u00e4rmter Luft zu Tage.\u00a0 Den Einsatz f\u00fcr das sehr handliche und preiswerte Ger\u00e4t sehen wir besonders im Bereich der punktuellen Trocknung. Beispielsweise, um den Wabengrill vom Wasser zu befreien oder [&hellip;]<\/p>\n","protected":false},"featured_media":333,"comment_status":"open","ping_status":"closed","template":"","meta":[],"product_brand":[],"product_cat":[48,50],"product_tag":[],"class_list":{"0":"post-537","1":"product","2":"type-product","3":"status-publish","4":"has-post-thumbnail","6":"product_cat-big-boi-en","7":"product_cat-all-products","8":"product_shipping_class-2-3-business-days","10":"first","11":"instock","12":"taxable","13":"shipping-taxable","14":"purchasable","15":"product-type-simple"},"yoast_head":"<!-- This site is optimized with the Yoast SEO plugin v27.2 - https:\/\/yoast.com\/product\/yoast-seo-wordpress\/ -->\n<title>Big Boi BlowR Buddi Car Dryer - Rapido Performance GmbH<\/title>\n<meta name=\"robots\" content=\"index, follow, max-snippet:-1, max-image-preview:large, max-video-preview:-1\" \/>\n<link rel=\"canonical\" href=\"https:\/\/rapidoperformance.com\/en\/product\/big-boi-blowr-buddi-car-dryer\/\" \/>\n<meta property=\"og:locale\" content=\"en_US\" \/>\n<meta property=\"og:type\" content=\"article\" \/>\n<meta property=\"og:title\" content=\"Big Boi BlowR Buddi Car Dryer - Rapido Performance GmbH\" \/>\n<meta property=\"og:description\" content=\"Der Big Boi Blow R Buddy Car ist ein ber\u00fchrungsloser Autotrockner f\u00fcr Autopfleger Enthusiasten. Der 1.2 PS starke Motor f\u00f6rdert einen Luftstrom mit 220 km\/h erw\u00e4rmter Luft zu Tage.\u00a0 Den Einsatz f\u00fcr das sehr handliche und preiswerte Ger\u00e4t sehen wir besonders im Bereich der punktuellen Trocknung. Beispielsweise, um den Wabengrill vom Wasser zu befreien oder [&hellip;]\" \/>\n<meta property=\"og:url\" content=\"https:\/\/rapidoperformance.com\/en\/product\/big-boi-blowr-buddi-car-dryer\/\" \/>\n<meta property=\"og:site_name\" content=\"Rapido Performance GmbH\" \/>\n<meta property=\"article:publisher\" content=\"https:\/\/www.facebook.com\/RapidoPerformanceGmbH\" \/>\n<meta property=\"og:image\" content=\"https:\/\/rapidoperformance.com\/wp-content\/uploads\/2020\/11\/big_boi_blower_buddi_square_1024x1024.jpg\" \/>\n\t<meta property=\"og:image:width\" content=\"800\" \/>\n\t<meta property=\"og:image:height\" content=\"800\" \/>\n\t<meta property=\"og:image:type\" content=\"image\/jpeg\" \/>\n<meta name=\"twitter:card\" content=\"summary_large_image\" \/>\n<meta name=\"twitter:label1\" content=\"Est. reading time\" \/>\n\t<meta name=\"twitter:data1\" content=\"1 minute\" \/>\n<script type=\"application\/ld+json\" class=\"yoast-schema-graph\">{\"@context\":\"https:\/\/schema.org\",\"@graph\":[{\"@type\":\"WebPage\",\"@id\":\"https:\/\/rapidoperformance.com\/en\/product\/big-boi-blowr-buddi-car-dryer\/\",\"url\":\"https:\/\/rapidoperformance.com\/en\/product\/big-boi-blowr-buddi-car-dryer\/\",\"name\":\"Big Boi BlowR Buddi Car Dryer - Rapido Performance GmbH\",\"isPartOf\":{\"@id\":\"https:\/\/rapidoperformance.com\/#website\"},\"primaryImageOfPage\":{\"@id\":\"https:\/\/rapidoperformance.com\/en\/product\/big-boi-blowr-buddi-car-dryer\/#primaryimage\"},\"image\":{\"@id\":\"https:\/\/rapidoperformance.com\/en\/product\/big-boi-blowr-buddi-car-dryer\/#primaryimage\"},\"thumbnailUrl\":\"https:\/\/rapidoperformance.com\/wp-content\/uploads\/2020\/11\/big_boi_blower_buddi_square_1024x1024.jpg\",\"datePublished\":\"2020-11-17T15:35:50+00:00\",\"breadcrumb\":{\"@id\":\"https:\/\/rapidoperformance.com\/en\/product\/big-boi-blowr-buddi-car-dryer\/#breadcrumb\"},\"inLanguage\":\"en-US\",\"potentialAction\":[{\"@type\":\"ReadAction\",\"target\":[\"https:\/\/rapidoperformance.com\/en\/product\/big-boi-blowr-buddi-car-dryer\/\"]}]},{\"@type\":\"ImageObject\",\"inLanguage\":\"en-US\",\"@id\":\"https:\/\/rapidoperformance.com\/en\/product\/big-boi-blowr-buddi-car-dryer\/#primaryimage\",\"url\":\"https:\/\/rapidoperformance.com\/wp-content\/uploads\/2020\/11\/big_boi_blower_buddi_square_1024x1024.jpg\",\"contentUrl\":\"https:\/\/rapidoperformance.com\/wp-content\/uploads\/2020\/11\/big_boi_blower_buddi_square_1024x1024.jpg\",\"width\":800,\"height\":800,\"caption\":\"Lacktrockner BigBoi Buddi\"},{\"@type\":\"BreadcrumbList\",\"@id\":\"https:\/\/rapidoperformance.com\/en\/product\/big-boi-blowr-buddi-car-dryer\/#breadcrumb\",\"itemListElement\":[{\"@type\":\"ListItem\",\"position\":1,\"name\":\"Startseite\",\"item\":\"https:\/\/rapidoperformance.com\/en\/\"},{\"@type\":\"ListItem\",\"position\":2,\"name\":\"Shop\",\"item\":\"https:\/\/rapidoperformance.com\/en\/shop\/\"},{\"@type\":\"ListItem\",\"position\":3,\"name\":\"Big Boi BlowR Buddi Car Dryer\"}]},{\"@type\":\"WebSite\",\"@id\":\"https:\/\/rapidoperformance.com\/#website\",\"url\":\"https:\/\/rapidoperformance.com\/\",\"name\":\"Rapido Performance GmbH\",\"description\":\"Grafenw\u00f6hr\",\"publisher\":{\"@id\":\"https:\/\/rapidoperformance.com\/#organization\"},\"potentialAction\":[{\"@type\":\"SearchAction\",\"target\":{\"@type\":\"EntryPoint\",\"urlTemplate\":\"https:\/\/rapidoperformance.com\/?s={search_term_string}\"},\"query-input\":{\"@type\":\"PropertyValueSpecification\",\"valueRequired\":true,\"valueName\":\"search_term_string\"}}],\"inLanguage\":\"en-US\"},{\"@type\":\"Organization\",\"@id\":\"https:\/\/rapidoperformance.com\/#organization\",\"name\":\"Rapido Performance GmbH\",\"url\":\"https:\/\/rapidoperformance.com\/\",\"logo\":{\"@type\":\"ImageObject\",\"inLanguage\":\"en-US\",\"@id\":\"https:\/\/rapidoperformance.com\/#\/schema\/logo\/image\/\",\"url\":\"https:\/\/rapidoperformance.com\/wp-content\/uploads\/2020\/11\/Logo-Rapido-Performance-R-300px-Kopie.png\",\"contentUrl\":\"https:\/\/rapidoperformance.com\/wp-content\/uploads\/2020\/11\/Logo-Rapido-Performance-R-300px-Kopie.png\",\"width\":300,\"height\":57,\"caption\":\"Rapido Performance GmbH\"},\"image\":{\"@id\":\"https:\/\/rapidoperformance.com\/#\/schema\/logo\/image\/\"},\"sameAs\":[\"https:\/\/www.facebook.com\/RapidoPerformanceGmbH\",\"https:\/\/www.instagram.com\/rapido.performance\/\"]}]}<\/script>\n<!-- \/ Yoast SEO plugin. -->","yoast_head_json":{"title":"Big Boi BlowR Buddi Car Dryer - Rapido Performance GmbH","robots":{"index":"index","follow":"follow","max-snippet":"max-snippet:-1","max-image-preview":"max-image-preview:large","max-video-preview":"max-video-preview:-1"},"canonical":"https:\/\/rapidoperformance.com\/en\/product\/big-boi-blowr-buddi-car-dryer\/","og_locale":"en_US","og_type":"article","og_title":"Big Boi BlowR Buddi Car Dryer - Rapido Performance GmbH","og_description":"Der Big Boi Blow R Buddy Car ist ein ber\u00fchrungsloser Autotrockner f\u00fcr Autopfleger Enthusiasten. Der 1.2 PS starke Motor f\u00f6rdert einen Luftstrom mit 220 km\/h erw\u00e4rmter Luft zu Tage.\u00a0 Den Einsatz f\u00fcr das sehr handliche und preiswerte Ger\u00e4t sehen wir besonders im Bereich der punktuellen Trocknung. Beispielsweise, um den Wabengrill vom Wasser zu befreien oder [&hellip;]","og_url":"https:\/\/rapidoperformance.com\/en\/product\/big-boi-blowr-buddi-car-dryer\/","og_site_name":"Rapido Performance GmbH","article_publisher":"https:\/\/www.facebook.com\/RapidoPerformanceGmbH","og_image":[{"width":800,"height":800,"url":"https:\/\/rapidoperformance.com\/wp-content\/uploads\/2020\/11\/big_boi_blower_buddi_square_1024x1024.jpg","type":"image\/jpeg"}],"twitter_card":"summary_large_image","twitter_misc":{"Est. reading time":"1 minute"},"schema":{"@context":"https:\/\/schema.org","@graph":[{"@type":"WebPage","@id":"https:\/\/rapidoperformance.com\/en\/product\/big-boi-blowr-buddi-car-dryer\/","url":"https:\/\/rapidoperformance.com\/en\/product\/big-boi-blowr-buddi-car-dryer\/","name":"Big Boi BlowR Buddi Car Dryer - Rapido Performance GmbH","isPartOf":{"@id":"https:\/\/rapidoperformance.com\/#website"},"primaryImageOfPage":{"@id":"https:\/\/rapidoperformance.com\/en\/product\/big-boi-blowr-buddi-car-dryer\/#primaryimage"},"image":{"@id":"https:\/\/rapidoperformance.com\/en\/product\/big-boi-blowr-buddi-car-dryer\/#primaryimage"},"thumbnailUrl":"https:\/\/rapidoperformance.com\/wp-content\/uploads\/2020\/11\/big_boi_blower_buddi_square_1024x1024.jpg","datePublished":"2020-11-17T15:35:50+00:00","breadcrumb":{"@id":"https:\/\/rapidoperformance.com\/en\/product\/big-boi-blowr-buddi-car-dryer\/#breadcrumb"},"inLanguage":"en-US","potentialAction":[{"@type":"ReadAction","target":["https:\/\/rapidoperformance.com\/en\/product\/big-boi-blowr-buddi-car-dryer\/"]}]},{"@type":"ImageObject","inLanguage":"en-US","@id":"https:\/\/rapidoperformance.com\/en\/product\/big-boi-blowr-buddi-car-dryer\/#primaryimage","url":"https:\/\/rapidoperformance.com\/wp-content\/uploads\/2020\/11\/big_boi_blower_buddi_square_1024x1024.jpg","contentUrl":"https:\/\/rapidoperformance.com\/wp-content\/uploads\/2020\/11\/big_boi_blower_buddi_square_1024x1024.jpg","width":800,"height":800,"caption":"Lacktrockner BigBoi Buddi"},{"@type":"BreadcrumbList","@id":"https:\/\/rapidoperformance.com\/en\/product\/big-boi-blowr-buddi-car-dryer\/#breadcrumb","itemListElement":[{"@type":"ListItem","position":1,"name":"Startseite","item":"https:\/\/rapidoperformance.com\/en\/"},{"@type":"ListItem","position":2,"name":"Shop","item":"https:\/\/rapidoperformance.com\/en\/shop\/"},{"@type":"ListItem","position":3,"name":"Big Boi BlowR Buddi Car Dryer"}]},{"@type":"WebSite","@id":"https:\/\/rapidoperformance.com\/#website","url":"https:\/\/rapidoperformance.com\/","name":"Rapido Performance GmbH","description":"Grafenw\u00f6hr","publisher":{"@id":"https:\/\/rapidoperformance.com\/#organization"},"potentialAction":[{"@type":"SearchAction","target":{"@type":"EntryPoint","urlTemplate":"https:\/\/rapidoperformance.com\/?s={search_term_string}"},"query-input":{"@type":"PropertyValueSpecification","valueRequired":true,"valueName":"search_term_string"}}],"inLanguage":"en-US"},{"@type":"Organization","@id":"https:\/\/rapidoperformance.com\/#organization","name":"Rapido Performance GmbH","url":"https:\/\/rapidoperformance.com\/","logo":{"@type":"ImageObject","inLanguage":"en-US","@id":"https:\/\/rapidoperformance.com\/#\/schema\/logo\/image\/","url":"https:\/\/rapidoperformance.com\/wp-content\/uploads\/2020\/11\/Logo-Rapido-Performance-R-300px-Kopie.png","contentUrl":"https:\/\/rapidoperformance.com\/wp-content\/uploads\/2020\/11\/Logo-Rapido-Performance-R-300px-Kopie.png","width":300,"height":57,"caption":"Rapido Performance GmbH"},"image":{"@id":"https:\/\/rapidoperformance.com\/#\/schema\/logo\/image\/"},"sameAs":["https:\/\/www.facebook.com\/RapidoPerformanceGmbH","https:\/\/www.instagram.com\/rapido.performance\/"]}]}},"_links":{"self":[{"href":"https:\/\/rapidoperformance.com\/en\/wp-json\/wp\/v2\/product\/537","targetHints":{"allow":["GET"]}}],"collection":[{"href":"https:\/\/rapidoperformance.com\/en\/wp-json\/wp\/v2\/product"}],"about":[{"href":"https:\/\/rapidoperformance.com\/en\/wp-json\/wp\/v2\/types\/product"}],"replies":[{"embeddable":true,"href":"https:\/\/rapidoperformance.com\/en\/wp-json\/wp\/v2\/comments?post=537"}],"wp:featuredmedia":[{"embeddable":true,"href":"https:\/\/rapidoperformance.com\/en\/wp-json\/wp\/v2\/media\/333"}],"wp:attachment":[{"href":"https:\/\/rapidoperformance.com\/en\/wp-json\/wp\/v2\/media?parent=537"}],"wp:term":[{"taxonomy":"product_brand","embeddable":true,"href":"https:\/\/rapidoperformance.com\/en\/wp-json\/wp\/v2\/product_brand?post=537"},{"taxonomy":"product_cat","embeddable":true,"href":"https:\/\/rapidoperformance.com\/en\/wp-json\/wp\/v2\/product_cat?post=537"},{"taxonomy":"product_tag","embeddable":true,"href":"https:\/\/rapidoperformance.com\/en\/wp-json\/wp\/v2\/product_tag?post=537"}],"curies":[{"name":"wp","href":"https:\/\/api.w.org\/{rel}","templated":true}]}}