{"id":533,"date":"2020-11-17T17:08:16","date_gmt":"2020-11-17T16:08:16","guid":{"rendered":"http:\/\/rapidoperformance.com\/product\/premium-mikrofaser-waffelgewebe-handtuch\/"},"modified":"2020-11-17T17:08:16","modified_gmt":"2020-11-17T16:08:16","slug":"premium-mikrofaser-waffelgewebe-handtuch","status":"publish","type":"product","link":"https:\/\/rapidoperformance.com\/en\/product\/premium-mikrofaser-waffelgewebe-handtuch\/","title":{"rendered":"Premium Mikrofaser Waffelgewebe Handtuch"},"content":{"rendered":"<p>Das Premium Mirkrofaser Waffelgewebe Handtuch ist sehr gut geeignet f\u00fcr das Trocknen von kleinen Fl\u00e4chen wie Fenster, Spiegel und Glas.<\/p>\n<p>Das Handtuch ist fusselfrei und hinterl\u00e4sst keinen Abrieb.<span class=\"Apple-converted-space\">\u00a0<\/span><\/p>\n<p>Es absorbiert bis zu 10 mal sein Gewicht in Feuchtigkeit und braucht bei der Entfernung von Staub und Schmutz keine Chemikalien.<span class=\"Apple-converted-space\">\u00a0<\/span><\/p>\n<p>Durch seine extreme Langlebigkeit kann es Hunderte von Waschungen mit der richtigen Pflege widerstehen. <span class=\"Apple-converted-space\">\u00a0<\/span><\/p>\n<p>Gr\u00f6\u00dfe: 40cm x 60cm<span class=\"Apple-converted-space\">\u00a0<\/span><\/p>\n","protected":false},"excerpt":{"rendered":"<p>Das Premium Mirkrofaser Waffelgewebe Handtuch ist sehr gut geeignet f\u00fcr das Trocknen von kleinen Fl\u00e4chen wie Fenster, Spiegel und Glas. Das Handtuch ist fusselfrei und hinterl\u00e4sst keinen Abrieb.\u00a0 Es absorbiert bis zu 10 mal sein Gewicht in Feuchtigkeit und braucht bei der Entfernung von Staub und Schmutz keine Chemikalien.\u00a0 Durch seine extreme Langlebigkeit kann es [&hellip;]<\/p>\n","protected":false},"featured_media":339,"comment_status":"open","ping_status":"closed","template":"","meta":[],"product_brand":[],"product_cat":[50,51],"product_tag":[],"class_list":{"0":"post-533","1":"product","2":"type-product","3":"status-publish","4":"has-post-thumbnail","6":"product_cat-all-products","7":"product_cat-autopflege-en","8":"product_shipping_class-2-3-business-days","10":"first","11":"instock","12":"taxable","13":"shipping-taxable","14":"purchasable","15":"product-type-simple"},"yoast_head":"<!-- This site is optimized with the Yoast SEO plugin v27.2 - https:\/\/yoast.com\/product\/yoast-seo-wordpress\/ -->\n<title>Premium Mikrofaser Waffelgewebe Handtuch - Rapido Performance GmbH<\/title>\n<meta name=\"robots\" content=\"index, follow, max-snippet:-1, max-image-preview:large, max-video-preview:-1\" \/>\n<link rel=\"canonical\" href=\"https:\/\/rapidoperformance.com\/en\/product\/premium-mikrofaser-waffelgewebe-handtuch\/\" \/>\n<meta property=\"og:locale\" content=\"en_US\" \/>\n<meta property=\"og:type\" content=\"article\" \/>\n<meta property=\"og:title\" content=\"Premium Mikrofaser Waffelgewebe Handtuch - Rapido Performance GmbH\" \/>\n<meta property=\"og:description\" content=\"Das Premium Mirkrofaser Waffelgewebe Handtuch ist sehr gut geeignet f\u00fcr das Trocknen von kleinen Fl\u00e4chen wie Fenster, Spiegel und Glas. Das Handtuch ist fusselfrei und hinterl\u00e4sst keinen Abrieb.\u00a0 Es absorbiert bis zu 10 mal sein Gewicht in Feuchtigkeit und braucht bei der Entfernung von Staub und Schmutz keine Chemikalien.\u00a0 Durch seine extreme Langlebigkeit kann es [&hellip;]\" \/>\n<meta property=\"og:url\" content=\"https:\/\/rapidoperformance.com\/en\/product\/premium-mikrofaser-waffelgewebe-handtuch\/\" \/>\n<meta property=\"og:site_name\" content=\"Rapido Performance GmbH\" \/>\n<meta property=\"article:publisher\" content=\"https:\/\/www.facebook.com\/RapidoPerformanceGmbH\" \/>\n<meta property=\"og:image\" content=\"https:\/\/rapidoperformance.com\/wp-content\/uploads\/2020\/11\/Korean-16x24-Waffle-Weave-Stack-900x600-1.png\" \/>\n\t<meta property=\"og:image:width\" content=\"900\" \/>\n\t<meta property=\"og:image:height\" content=\"600\" \/>\n\t<meta property=\"og:image:type\" content=\"image\/png\" \/>\n<meta name=\"twitter:card\" content=\"summary_large_image\" \/>\n<script type=\"application\/ld+json\" class=\"yoast-schema-graph\">{\"@context\":\"https:\/\/schema.org\",\"@graph\":[{\"@type\":\"WebPage\",\"@id\":\"https:\/\/rapidoperformance.com\/en\/product\/premium-mikrofaser-waffelgewebe-handtuch\/\",\"url\":\"https:\/\/rapidoperformance.com\/en\/product\/premium-mikrofaser-waffelgewebe-handtuch\/\",\"name\":\"Premium Mikrofaser Waffelgewebe Handtuch - Rapido Performance GmbH\",\"isPartOf\":{\"@id\":\"https:\/\/rapidoperformance.com\/#website\"},\"primaryImageOfPage\":{\"@id\":\"https:\/\/rapidoperformance.com\/en\/product\/premium-mikrofaser-waffelgewebe-handtuch\/#primaryimage\"},\"image\":{\"@id\":\"https:\/\/rapidoperformance.com\/en\/product\/premium-mikrofaser-waffelgewebe-handtuch\/#primaryimage\"},\"thumbnailUrl\":\"https:\/\/rapidoperformance.com\/wp-content\/uploads\/2020\/11\/Korean-16x24-Waffle-Weave-Stack-900x600-1.png\",\"datePublished\":\"2020-11-17T16:08:16+00:00\",\"breadcrumb\":{\"@id\":\"https:\/\/rapidoperformance.com\/en\/product\/premium-mikrofaser-waffelgewebe-handtuch\/#breadcrumb\"},\"inLanguage\":\"en-US\",\"potentialAction\":[{\"@type\":\"ReadAction\",\"target\":[\"https:\/\/rapidoperformance.com\/en\/product\/premium-mikrofaser-waffelgewebe-handtuch\/\"]}]},{\"@type\":\"ImageObject\",\"inLanguage\":\"en-US\",\"@id\":\"https:\/\/rapidoperformance.com\/en\/product\/premium-mikrofaser-waffelgewebe-handtuch\/#primaryimage\",\"url\":\"https:\/\/rapidoperformance.com\/wp-content\/uploads\/2020\/11\/Korean-16x24-Waffle-Weave-Stack-900x600-1.png\",\"contentUrl\":\"https:\/\/rapidoperformance.com\/wp-content\/uploads\/2020\/11\/Korean-16x24-Waffle-Weave-Stack-900x600-1.png\",\"width\":900,\"height\":600,\"caption\":\"Microfaser Waffelgewebe Handtuch\"},{\"@type\":\"BreadcrumbList\",\"@id\":\"https:\/\/rapidoperformance.com\/en\/product\/premium-mikrofaser-waffelgewebe-handtuch\/#breadcrumb\",\"itemListElement\":[{\"@type\":\"ListItem\",\"position\":1,\"name\":\"Startseite\",\"item\":\"https:\/\/rapidoperformance.com\/en\/\"},{\"@type\":\"ListItem\",\"position\":2,\"name\":\"Shop\",\"item\":\"https:\/\/rapidoperformance.com\/en\/shop\/\"},{\"@type\":\"ListItem\",\"position\":3,\"name\":\"Premium Mikrofaser Waffelgewebe Handtuch\"}]},{\"@type\":\"WebSite\",\"@id\":\"https:\/\/rapidoperformance.com\/#website\",\"url\":\"https:\/\/rapidoperformance.com\/\",\"name\":\"Rapido Performance GmbH\",\"description\":\"Grafenw\u00f6hr\",\"publisher\":{\"@id\":\"https:\/\/rapidoperformance.com\/#organization\"},\"potentialAction\":[{\"@type\":\"SearchAction\",\"target\":{\"@type\":\"EntryPoint\",\"urlTemplate\":\"https:\/\/rapidoperformance.com\/?s={search_term_string}\"},\"query-input\":{\"@type\":\"PropertyValueSpecification\",\"valueRequired\":true,\"valueName\":\"search_term_string\"}}],\"inLanguage\":\"en-US\"},{\"@type\":\"Organization\",\"@id\":\"https:\/\/rapidoperformance.com\/#organization\",\"name\":\"Rapido Performance GmbH\",\"url\":\"https:\/\/rapidoperformance.com\/\",\"logo\":{\"@type\":\"ImageObject\",\"inLanguage\":\"en-US\",\"@id\":\"https:\/\/rapidoperformance.com\/#\/schema\/logo\/image\/\",\"url\":\"https:\/\/rapidoperformance.com\/wp-content\/uploads\/2020\/11\/Logo-Rapido-Performance-R-300px-Kopie.png\",\"contentUrl\":\"https:\/\/rapidoperformance.com\/wp-content\/uploads\/2020\/11\/Logo-Rapido-Performance-R-300px-Kopie.png\",\"width\":300,\"height\":57,\"caption\":\"Rapido Performance GmbH\"},\"image\":{\"@id\":\"https:\/\/rapidoperformance.com\/#\/schema\/logo\/image\/\"},\"sameAs\":[\"https:\/\/www.facebook.com\/RapidoPerformanceGmbH\",\"https:\/\/www.instagram.com\/rapido.performance\/\"]}]}<\/script>\n<!-- \/ Yoast SEO plugin. -->","yoast_head_json":{"title":"Premium Mikrofaser Waffelgewebe Handtuch - Rapido Performance GmbH","robots":{"index":"index","follow":"follow","max-snippet":"max-snippet:-1","max-image-preview":"max-image-preview:large","max-video-preview":"max-video-preview:-1"},"canonical":"https:\/\/rapidoperformance.com\/en\/product\/premium-mikrofaser-waffelgewebe-handtuch\/","og_locale":"en_US","og_type":"article","og_title":"Premium Mikrofaser Waffelgewebe Handtuch - Rapido Performance GmbH","og_description":"Das Premium Mirkrofaser Waffelgewebe Handtuch ist sehr gut geeignet f\u00fcr das Trocknen von kleinen Fl\u00e4chen wie Fenster, Spiegel und Glas. Das Handtuch ist fusselfrei und hinterl\u00e4sst keinen Abrieb.\u00a0 Es absorbiert bis zu 10 mal sein Gewicht in Feuchtigkeit und braucht bei der Entfernung von Staub und Schmutz keine Chemikalien.\u00a0 Durch seine extreme Langlebigkeit kann es [&hellip;]","og_url":"https:\/\/rapidoperformance.com\/en\/product\/premium-mikrofaser-waffelgewebe-handtuch\/","og_site_name":"Rapido Performance GmbH","article_publisher":"https:\/\/www.facebook.com\/RapidoPerformanceGmbH","og_image":[{"width":900,"height":600,"url":"https:\/\/rapidoperformance.com\/wp-content\/uploads\/2020\/11\/Korean-16x24-Waffle-Weave-Stack-900x600-1.png","type":"image\/png"}],"twitter_card":"summary_large_image","schema":{"@context":"https:\/\/schema.org","@graph":[{"@type":"WebPage","@id":"https:\/\/rapidoperformance.com\/en\/product\/premium-mikrofaser-waffelgewebe-handtuch\/","url":"https:\/\/rapidoperformance.com\/en\/product\/premium-mikrofaser-waffelgewebe-handtuch\/","name":"Premium Mikrofaser Waffelgewebe Handtuch - Rapido Performance GmbH","isPartOf":{"@id":"https:\/\/rapidoperformance.com\/#website"},"primaryImageOfPage":{"@id":"https:\/\/rapidoperformance.com\/en\/product\/premium-mikrofaser-waffelgewebe-handtuch\/#primaryimage"},"image":{"@id":"https:\/\/rapidoperformance.com\/en\/product\/premium-mikrofaser-waffelgewebe-handtuch\/#primaryimage"},"thumbnailUrl":"https:\/\/rapidoperformance.com\/wp-content\/uploads\/2020\/11\/Korean-16x24-Waffle-Weave-Stack-900x600-1.png","datePublished":"2020-11-17T16:08:16+00:00","breadcrumb":{"@id":"https:\/\/rapidoperformance.com\/en\/product\/premium-mikrofaser-waffelgewebe-handtuch\/#breadcrumb"},"inLanguage":"en-US","potentialAction":[{"@type":"ReadAction","target":["https:\/\/rapidoperformance.com\/en\/product\/premium-mikrofaser-waffelgewebe-handtuch\/"]}]},{"@type":"ImageObject","inLanguage":"en-US","@id":"https:\/\/rapidoperformance.com\/en\/product\/premium-mikrofaser-waffelgewebe-handtuch\/#primaryimage","url":"https:\/\/rapidoperformance.com\/wp-content\/uploads\/2020\/11\/Korean-16x24-Waffle-Weave-Stack-900x600-1.png","contentUrl":"https:\/\/rapidoperformance.com\/wp-content\/uploads\/2020\/11\/Korean-16x24-Waffle-Weave-Stack-900x600-1.png","width":900,"height":600,"caption":"Microfaser Waffelgewebe Handtuch"},{"@type":"BreadcrumbList","@id":"https:\/\/rapidoperformance.com\/en\/product\/premium-mikrofaser-waffelgewebe-handtuch\/#breadcrumb","itemListElement":[{"@type":"ListItem","position":1,"name":"Startseite","item":"https:\/\/rapidoperformance.com\/en\/"},{"@type":"ListItem","position":2,"name":"Shop","item":"https:\/\/rapidoperformance.com\/en\/shop\/"},{"@type":"ListItem","position":3,"name":"Premium Mikrofaser Waffelgewebe Handtuch"}]},{"@type":"WebSite","@id":"https:\/\/rapidoperformance.com\/#website","url":"https:\/\/rapidoperformance.com\/","name":"Rapido Performance GmbH","description":"Grafenw\u00f6hr","publisher":{"@id":"https:\/\/rapidoperformance.com\/#organization"},"potentialAction":[{"@type":"SearchAction","target":{"@type":"EntryPoint","urlTemplate":"https:\/\/rapidoperformance.com\/?s={search_term_string}"},"query-input":{"@type":"PropertyValueSpecification","valueRequired":true,"valueName":"search_term_string"}}],"inLanguage":"en-US"},{"@type":"Organization","@id":"https:\/\/rapidoperformance.com\/#organization","name":"Rapido Performance GmbH","url":"https:\/\/rapidoperformance.com\/","logo":{"@type":"ImageObject","inLanguage":"en-US","@id":"https:\/\/rapidoperformance.com\/#\/schema\/logo\/image\/","url":"https:\/\/rapidoperformance.com\/wp-content\/uploads\/2020\/11\/Logo-Rapido-Performance-R-300px-Kopie.png","contentUrl":"https:\/\/rapidoperformance.com\/wp-content\/uploads\/2020\/11\/Logo-Rapido-Performance-R-300px-Kopie.png","width":300,"height":57,"caption":"Rapido Performance GmbH"},"image":{"@id":"https:\/\/rapidoperformance.com\/#\/schema\/logo\/image\/"},"sameAs":["https:\/\/www.facebook.com\/RapidoPerformanceGmbH","https:\/\/www.instagram.com\/rapido.performance\/"]}]}},"_links":{"self":[{"href":"https:\/\/rapidoperformance.com\/en\/wp-json\/wp\/v2\/product\/533","targetHints":{"allow":["GET"]}}],"collection":[{"href":"https:\/\/rapidoperformance.com\/en\/wp-json\/wp\/v2\/product"}],"about":[{"href":"https:\/\/rapidoperformance.com\/en\/wp-json\/wp\/v2\/types\/product"}],"replies":[{"embeddable":true,"href":"https:\/\/rapidoperformance.com\/en\/wp-json\/wp\/v2\/comments?post=533"}],"wp:featuredmedia":[{"embeddable":true,"href":"https:\/\/rapidoperformance.com\/en\/wp-json\/wp\/v2\/media\/339"}],"wp:attachment":[{"href":"https:\/\/rapidoperformance.com\/en\/wp-json\/wp\/v2\/media?parent=533"}],"wp:term":[{"taxonomy":"product_brand","embeddable":true,"href":"https:\/\/rapidoperformance.com\/en\/wp-json\/wp\/v2\/product_brand?post=533"},{"taxonomy":"product_cat","embeddable":true,"href":"https:\/\/rapidoperformance.com\/en\/wp-json\/wp\/v2\/product_cat?post=533"},{"taxonomy":"product_tag","embeddable":true,"href":"https:\/\/rapidoperformance.com\/en\/wp-json\/wp\/v2\/product_tag?post=533"}],"curies":[{"name":"wp","href":"https:\/\/api.w.org\/{rel}","templated":true}]}}