{"id":526,"date":"2020-11-17T17:35:24","date_gmt":"2020-11-17T16:35:24","guid":{"rendered":"http:\/\/rapidoperformance.com\/product\/rupes-rotationspolierer-lh19e-1200w\/"},"modified":"2020-11-17T17:35:24","modified_gmt":"2020-11-17T16:35:24","slug":"rupes-rotationspolierer-lh19e-1200w","status":"publish","type":"product","link":"https:\/\/rapidoperformance.com\/en\/product\/rupes-rotationspolierer-lh19e-1200w\/","title":{"rendered":"Rupes Rotationspolierer LH19E 1200W"},"content":{"rendered":"<p>Produkteigenschaften:<\/p>\n<ul>\n<li>ergonomisches Design<\/li>\n<li>Rotationspolierer<\/li>\n<li>1200W<\/li>\n<li>leistungsstarker, \u00fcberarbeiteter Motor<\/li>\n<li>R.P.M. 450 \u2013 1700<\/li>\n<li>Soft-Start<\/li>\n<\/ul>\n<p>&nbsp;<\/p>\n<p>230V \/\u00a01200W<br \/>\nR.P.M. 450 \u2013 1700<br \/>\n125mm Padaufnahme<\/p>\n<p>&nbsp;<\/p>\n<p><strong>DIE Maschine f\u00fcr den professionellen Fahrzeugaufbereiter<\/strong><\/p>\n<p>Rotationspolierer aus dem Hause RUPES. Qualit\u00e4t aus Italien f\u00fcr die professionelle Fahrzeugaufbereitung. Die LH19E ist im Bereich der Fahrzeugaufbereitung ein MUST-Have f\u00fcr hartn\u00e4ckige Besch\u00e4digungen auf lackierten Oberfl\u00e4chen. Durch das ergonomisch geformten Geh\u00e4use ist das Handling mit dieser Maschine sicher und tr\u00e4gt somit auch zum perfekten Ergebnis bei. Vor allem der Umgang mit einem Rotationspolierer will ge\u00fcbt sein, denn die W\u00e4rmeentwicklung durch die hohe Reibung auf der Lackoberfl\u00e4che ist nicht zu verachten.<\/p>\n<p>&nbsp;<\/p>\n<p><strong>RUPES! \u2026 nothing else!<\/strong><\/p>\n<p>Die LH19E ist mit 1200W eine sehr leistungsstarke Rotation Poliermaschine f\u00fcr alle anspruchsvollen Detailingjobs. Ein Rotationspolierer geh\u00f6rt definitiv zur Standardausstattung eines jeden Fahrzeugaufbereiters, zusammen mit einem 8mm Exzenter, einem 15mm und einem Miniexzenter. Die LH19E wird durch die hohe Reibung auf der zu polierenden Oberfl\u00e4che h\u00e4ufig eingesetzt um schnell zum gew\u00fcnschten Ergebnis zu kommen oder harte Lacke zu bearbeiten.<\/p>\n","protected":false},"excerpt":{"rendered":"<p>Produkteigenschaften: ergonomisches Design Rotationspolierer 1200W leistungsstarker, \u00fcberarbeiteter Motor R.P.M. 450 \u2013 1700 Soft-Start &nbsp; 230V \/\u00a01200W R.P.M. 450 \u2013 1700 125mm Padaufnahme &nbsp; DIE Maschine f\u00fcr den professionellen Fahrzeugaufbereiter Rotationspolierer aus dem Hause RUPES. Qualit\u00e4t aus Italien f\u00fcr die professionelle Fahrzeugaufbereitung. Die LH19E ist im Bereich der Fahrzeugaufbereitung ein MUST-Have f\u00fcr hartn\u00e4ckige Besch\u00e4digungen auf lackierten [&hellip;]<\/p>\n","protected":false},"featured_media":344,"comment_status":"open","ping_status":"closed","template":"","meta":[],"product_brand":[],"product_cat":[50],"product_tag":[],"class_list":{"0":"post-526","1":"product","2":"type-product","3":"status-publish","4":"has-post-thumbnail","6":"product_cat-all-products","8":"first","9":"instock","10":"taxable","11":"shipping-taxable","12":"purchasable","13":"product-type-simple"},"yoast_head":"<!-- This site is optimized with the Yoast SEO plugin v27.2 - https:\/\/yoast.com\/product\/yoast-seo-wordpress\/ -->\n<title>Rupes Rotationspolierer LH19E 1200W - Rapido Performance GmbH<\/title>\n<meta name=\"robots\" content=\"index, follow, max-snippet:-1, max-image-preview:large, max-video-preview:-1\" \/>\n<link rel=\"canonical\" href=\"https:\/\/rapidoperformance.com\/en\/product\/rupes-rotationspolierer-lh19e-1200w\/\" \/>\n<meta property=\"og:locale\" content=\"en_US\" \/>\n<meta property=\"og:type\" content=\"article\" \/>\n<meta property=\"og:title\" content=\"Rupes Rotationspolierer LH19E 1200W - Rapido Performance GmbH\" \/>\n<meta property=\"og:description\" content=\"Produkteigenschaften: ergonomisches Design Rotationspolierer 1200W leistungsstarker, \u00fcberarbeiteter Motor R.P.M. 450 \u2013 1700 Soft-Start &nbsp; 230V \/\u00a01200W R.P.M. 450 \u2013 1700 125mm Padaufnahme &nbsp; DIE Maschine f\u00fcr den professionellen Fahrzeugaufbereiter Rotationspolierer aus dem Hause RUPES. Qualit\u00e4t aus Italien f\u00fcr die professionelle Fahrzeugaufbereitung. Die LH19E ist im Bereich der Fahrzeugaufbereitung ein MUST-Have f\u00fcr hartn\u00e4ckige Besch\u00e4digungen auf lackierten [&hellip;]\" \/>\n<meta property=\"og:url\" content=\"https:\/\/rapidoperformance.com\/en\/product\/rupes-rotationspolierer-lh19e-1200w\/\" \/>\n<meta property=\"og:site_name\" content=\"Rapido Performance GmbH\" \/>\n<meta property=\"article:publisher\" content=\"https:\/\/www.facebook.com\/RapidoPerformanceGmbH\" \/>\n<meta property=\"og:image\" content=\"https:\/\/rapidoperformance.com\/wp-content\/uploads\/2020\/11\/3ca4c5_ee65dc94b899454ea75102ddab1d4a9emv2.jpg\" \/>\n\t<meta property=\"og:image:width\" content=\"500\" \/>\n\t<meta property=\"og:image:height\" content=\"500\" \/>\n\t<meta property=\"og:image:type\" content=\"image\/jpeg\" \/>\n<meta name=\"twitter:card\" content=\"summary_large_image\" \/>\n<meta name=\"twitter:label1\" content=\"Est. reading time\" \/>\n\t<meta name=\"twitter:data1\" content=\"1 minute\" \/>\n<script type=\"application\/ld+json\" class=\"yoast-schema-graph\">{\"@context\":\"https:\/\/schema.org\",\"@graph\":[{\"@type\":\"WebPage\",\"@id\":\"https:\/\/rapidoperformance.com\/en\/product\/rupes-rotationspolierer-lh19e-1200w\/\",\"url\":\"https:\/\/rapidoperformance.com\/en\/product\/rupes-rotationspolierer-lh19e-1200w\/\",\"name\":\"Rupes Rotationspolierer LH19E 1200W - Rapido Performance GmbH\",\"isPartOf\":{\"@id\":\"https:\/\/rapidoperformance.com\/#website\"},\"primaryImageOfPage\":{\"@id\":\"https:\/\/rapidoperformance.com\/en\/product\/rupes-rotationspolierer-lh19e-1200w\/#primaryimage\"},\"image\":{\"@id\":\"https:\/\/rapidoperformance.com\/en\/product\/rupes-rotationspolierer-lh19e-1200w\/#primaryimage\"},\"thumbnailUrl\":\"https:\/\/rapidoperformance.com\/wp-content\/uploads\/2020\/11\/3ca4c5_ee65dc94b899454ea75102ddab1d4a9emv2.jpg\",\"datePublished\":\"2020-11-17T16:35:24+00:00\",\"breadcrumb\":{\"@id\":\"https:\/\/rapidoperformance.com\/en\/product\/rupes-rotationspolierer-lh19e-1200w\/#breadcrumb\"},\"inLanguage\":\"en-US\",\"potentialAction\":[{\"@type\":\"ReadAction\",\"target\":[\"https:\/\/rapidoperformance.com\/en\/product\/rupes-rotationspolierer-lh19e-1200w\/\"]}]},{\"@type\":\"ImageObject\",\"inLanguage\":\"en-US\",\"@id\":\"https:\/\/rapidoperformance.com\/en\/product\/rupes-rotationspolierer-lh19e-1200w\/#primaryimage\",\"url\":\"https:\/\/rapidoperformance.com\/wp-content\/uploads\/2020\/11\/3ca4c5_ee65dc94b899454ea75102ddab1d4a9emv2.jpg\",\"contentUrl\":\"https:\/\/rapidoperformance.com\/wp-content\/uploads\/2020\/11\/3ca4c5_ee65dc94b899454ea75102ddab1d4a9emv2.jpg\",\"width\":500,\"height\":500,\"caption\":\"Rupes Rotationspolierer\"},{\"@type\":\"BreadcrumbList\",\"@id\":\"https:\/\/rapidoperformance.com\/en\/product\/rupes-rotationspolierer-lh19e-1200w\/#breadcrumb\",\"itemListElement\":[{\"@type\":\"ListItem\",\"position\":1,\"name\":\"Startseite\",\"item\":\"https:\/\/rapidoperformance.com\/en\/\"},{\"@type\":\"ListItem\",\"position\":2,\"name\":\"Shop\",\"item\":\"https:\/\/rapidoperformance.com\/en\/shop\/\"},{\"@type\":\"ListItem\",\"position\":3,\"name\":\"Rupes Rotationspolierer LH19E 1200W\"}]},{\"@type\":\"WebSite\",\"@id\":\"https:\/\/rapidoperformance.com\/#website\",\"url\":\"https:\/\/rapidoperformance.com\/\",\"name\":\"Rapido Performance GmbH\",\"description\":\"Grafenw\u00f6hr\",\"publisher\":{\"@id\":\"https:\/\/rapidoperformance.com\/#organization\"},\"potentialAction\":[{\"@type\":\"SearchAction\",\"target\":{\"@type\":\"EntryPoint\",\"urlTemplate\":\"https:\/\/rapidoperformance.com\/?s={search_term_string}\"},\"query-input\":{\"@type\":\"PropertyValueSpecification\",\"valueRequired\":true,\"valueName\":\"search_term_string\"}}],\"inLanguage\":\"en-US\"},{\"@type\":\"Organization\",\"@id\":\"https:\/\/rapidoperformance.com\/#organization\",\"name\":\"Rapido Performance GmbH\",\"url\":\"https:\/\/rapidoperformance.com\/\",\"logo\":{\"@type\":\"ImageObject\",\"inLanguage\":\"en-US\",\"@id\":\"https:\/\/rapidoperformance.com\/#\/schema\/logo\/image\/\",\"url\":\"https:\/\/rapidoperformance.com\/wp-content\/uploads\/2020\/11\/Logo-Rapido-Performance-R-300px-Kopie.png\",\"contentUrl\":\"https:\/\/rapidoperformance.com\/wp-content\/uploads\/2020\/11\/Logo-Rapido-Performance-R-300px-Kopie.png\",\"width\":300,\"height\":57,\"caption\":\"Rapido Performance GmbH\"},\"image\":{\"@id\":\"https:\/\/rapidoperformance.com\/#\/schema\/logo\/image\/\"},\"sameAs\":[\"https:\/\/www.facebook.com\/RapidoPerformanceGmbH\",\"https:\/\/www.instagram.com\/rapido.performance\/\"]}]}<\/script>\n<!-- \/ Yoast SEO plugin. -->","yoast_head_json":{"title":"Rupes Rotationspolierer LH19E 1200W - Rapido Performance GmbH","robots":{"index":"index","follow":"follow","max-snippet":"max-snippet:-1","max-image-preview":"max-image-preview:large","max-video-preview":"max-video-preview:-1"},"canonical":"https:\/\/rapidoperformance.com\/en\/product\/rupes-rotationspolierer-lh19e-1200w\/","og_locale":"en_US","og_type":"article","og_title":"Rupes Rotationspolierer LH19E 1200W - Rapido Performance GmbH","og_description":"Produkteigenschaften: ergonomisches Design Rotationspolierer 1200W leistungsstarker, \u00fcberarbeiteter Motor R.P.M. 450 \u2013 1700 Soft-Start &nbsp; 230V \/\u00a01200W R.P.M. 450 \u2013 1700 125mm Padaufnahme &nbsp; DIE Maschine f\u00fcr den professionellen Fahrzeugaufbereiter Rotationspolierer aus dem Hause RUPES. Qualit\u00e4t aus Italien f\u00fcr die professionelle Fahrzeugaufbereitung. Die LH19E ist im Bereich der Fahrzeugaufbereitung ein MUST-Have f\u00fcr hartn\u00e4ckige Besch\u00e4digungen auf lackierten [&hellip;]","og_url":"https:\/\/rapidoperformance.com\/en\/product\/rupes-rotationspolierer-lh19e-1200w\/","og_site_name":"Rapido Performance GmbH","article_publisher":"https:\/\/www.facebook.com\/RapidoPerformanceGmbH","og_image":[{"width":500,"height":500,"url":"https:\/\/rapidoperformance.com\/wp-content\/uploads\/2020\/11\/3ca4c5_ee65dc94b899454ea75102ddab1d4a9emv2.jpg","type":"image\/jpeg"}],"twitter_card":"summary_large_image","twitter_misc":{"Est. reading time":"1 minute"},"schema":{"@context":"https:\/\/schema.org","@graph":[{"@type":"WebPage","@id":"https:\/\/rapidoperformance.com\/en\/product\/rupes-rotationspolierer-lh19e-1200w\/","url":"https:\/\/rapidoperformance.com\/en\/product\/rupes-rotationspolierer-lh19e-1200w\/","name":"Rupes Rotationspolierer LH19E 1200W - Rapido Performance GmbH","isPartOf":{"@id":"https:\/\/rapidoperformance.com\/#website"},"primaryImageOfPage":{"@id":"https:\/\/rapidoperformance.com\/en\/product\/rupes-rotationspolierer-lh19e-1200w\/#primaryimage"},"image":{"@id":"https:\/\/rapidoperformance.com\/en\/product\/rupes-rotationspolierer-lh19e-1200w\/#primaryimage"},"thumbnailUrl":"https:\/\/rapidoperformance.com\/wp-content\/uploads\/2020\/11\/3ca4c5_ee65dc94b899454ea75102ddab1d4a9emv2.jpg","datePublished":"2020-11-17T16:35:24+00:00","breadcrumb":{"@id":"https:\/\/rapidoperformance.com\/en\/product\/rupes-rotationspolierer-lh19e-1200w\/#breadcrumb"},"inLanguage":"en-US","potentialAction":[{"@type":"ReadAction","target":["https:\/\/rapidoperformance.com\/en\/product\/rupes-rotationspolierer-lh19e-1200w\/"]}]},{"@type":"ImageObject","inLanguage":"en-US","@id":"https:\/\/rapidoperformance.com\/en\/product\/rupes-rotationspolierer-lh19e-1200w\/#primaryimage","url":"https:\/\/rapidoperformance.com\/wp-content\/uploads\/2020\/11\/3ca4c5_ee65dc94b899454ea75102ddab1d4a9emv2.jpg","contentUrl":"https:\/\/rapidoperformance.com\/wp-content\/uploads\/2020\/11\/3ca4c5_ee65dc94b899454ea75102ddab1d4a9emv2.jpg","width":500,"height":500,"caption":"Rupes Rotationspolierer"},{"@type":"BreadcrumbList","@id":"https:\/\/rapidoperformance.com\/en\/product\/rupes-rotationspolierer-lh19e-1200w\/#breadcrumb","itemListElement":[{"@type":"ListItem","position":1,"name":"Startseite","item":"https:\/\/rapidoperformance.com\/en\/"},{"@type":"ListItem","position":2,"name":"Shop","item":"https:\/\/rapidoperformance.com\/en\/shop\/"},{"@type":"ListItem","position":3,"name":"Rupes Rotationspolierer LH19E 1200W"}]},{"@type":"WebSite","@id":"https:\/\/rapidoperformance.com\/#website","url":"https:\/\/rapidoperformance.com\/","name":"Rapido Performance GmbH","description":"Grafenw\u00f6hr","publisher":{"@id":"https:\/\/rapidoperformance.com\/#organization"},"potentialAction":[{"@type":"SearchAction","target":{"@type":"EntryPoint","urlTemplate":"https:\/\/rapidoperformance.com\/?s={search_term_string}"},"query-input":{"@type":"PropertyValueSpecification","valueRequired":true,"valueName":"search_term_string"}}],"inLanguage":"en-US"},{"@type":"Organization","@id":"https:\/\/rapidoperformance.com\/#organization","name":"Rapido Performance GmbH","url":"https:\/\/rapidoperformance.com\/","logo":{"@type":"ImageObject","inLanguage":"en-US","@id":"https:\/\/rapidoperformance.com\/#\/schema\/logo\/image\/","url":"https:\/\/rapidoperformance.com\/wp-content\/uploads\/2020\/11\/Logo-Rapido-Performance-R-300px-Kopie.png","contentUrl":"https:\/\/rapidoperformance.com\/wp-content\/uploads\/2020\/11\/Logo-Rapido-Performance-R-300px-Kopie.png","width":300,"height":57,"caption":"Rapido Performance GmbH"},"image":{"@id":"https:\/\/rapidoperformance.com\/#\/schema\/logo\/image\/"},"sameAs":["https:\/\/www.facebook.com\/RapidoPerformanceGmbH","https:\/\/www.instagram.com\/rapido.performance\/"]}]}},"_links":{"self":[{"href":"https:\/\/rapidoperformance.com\/en\/wp-json\/wp\/v2\/product\/526","targetHints":{"allow":["GET"]}}],"collection":[{"href":"https:\/\/rapidoperformance.com\/en\/wp-json\/wp\/v2\/product"}],"about":[{"href":"https:\/\/rapidoperformance.com\/en\/wp-json\/wp\/v2\/types\/product"}],"replies":[{"embeddable":true,"href":"https:\/\/rapidoperformance.com\/en\/wp-json\/wp\/v2\/comments?post=526"}],"wp:featuredmedia":[{"embeddable":true,"href":"https:\/\/rapidoperformance.com\/en\/wp-json\/wp\/v2\/media\/344"}],"wp:attachment":[{"href":"https:\/\/rapidoperformance.com\/en\/wp-json\/wp\/v2\/media?parent=526"}],"wp:term":[{"taxonomy":"product_brand","embeddable":true,"href":"https:\/\/rapidoperformance.com\/en\/wp-json\/wp\/v2\/product_brand?post=526"},{"taxonomy":"product_cat","embeddable":true,"href":"https:\/\/rapidoperformance.com\/en\/wp-json\/wp\/v2\/product_cat?post=526"},{"taxonomy":"product_tag","embeddable":true,"href":"https:\/\/rapidoperformance.com\/en\/wp-json\/wp\/v2\/product_tag?post=526"}],"curies":[{"name":"wp","href":"https:\/\/api.w.org\/{rel}","templated":true}]}}